{"id":1255,"date":"2023-03-31T13:32:42","date_gmt":"2023-03-31T13:32:42","guid":{"rendered":"https:\/\/cardata.co\/fr\/contact\/"},"modified":"2023-05-16T12:12:22","modified_gmt":"2023-05-16T12:12:22","slug":"contact","status":"publish","type":"page","link":"https:\/\/cardata.co\/fr\/contact\/","title":{"rendered":"Contact"},"content":{"rendered":"","protected":false},"excerpt":{"rendered":"","protected":false},"author":1,"featured_media":0,"parent":0,"menu_order":0,"comment_status":"closed","ping_status":"closed","template":"page-contact.php","meta":{"_acf_changed":false,"footnotes":""},"class_list":["post-1255","page","type-page","status-publish","hentry"],"acf":{"hero_title":"Contactez-nous","hero_tagline":"Vous \u00eates pr\u00eat \u00e0 faire passer le remboursement des v\u00e9hicules de vos chauffeurs employ\u00e9s \u00e0 un niveau sup\u00e9rieur. Laissez-nous vous aider \u00e0 d\u00e9marrer.","contact_cards":[{"card_title":"Soutien aux ventes","card_subtitle":"Contactez-nous pour en savoir plus sur nos programmes et notre technologie et comment nous pouvons vous aider avec vos remboursements de v\u00e9hicule.","card_link_1_image":{"ID":3923,"id":3923,"title":"CARD_IconBookaDemo","filename":"CARD_IconBookaDemo.svg","filesize":764,"url":"https:\/\/cardata.co\/fr\/wp-content\/uploads\/sites\/3\/2023\/05\/CARD_IconBookaDemo.svg","link":"https:\/\/cardata.co\/fr\/contact\/card_iconbookademo\/","alt":"R\u00e9server une d\u00e9mo Ic\u00f4ne","author":"2","description":"","caption":"","name":"card_iconbookademo","status":"inherit","uploaded_to":1255,"date":"2023-05-06 10:20:28","modified":"2023-05-08 14:21:55","menu_order":0,"mime_type":"image\/svg+xml","type":"image","subtype":"svg+xml","icon":"https:\/\/cardata.co\/fr\/wp-includes\/images\/media\/default.png","width":0,"height":0,"sizes":{"thumbnail":"https:\/\/cardata.co\/fr\/wp-content\/uploads\/sites\/3\/2023\/05\/CARD_IconBookaDemo.svg","thumbnail-width":1,"thumbnail-height":1,"medium":"https:\/\/cardata.co\/fr\/wp-content\/uploads\/sites\/3\/2023\/05\/CARD_IconBookaDemo.svg","medium-width":1,"medium-height":1,"medium_large":"https:\/\/cardata.co\/fr\/wp-content\/uploads\/sites\/3\/2023\/05\/CARD_IconBookaDemo.svg","medium_large-width":1,"medium_large-height":1,"large":"https:\/\/cardata.co\/fr\/wp-content\/uploads\/sites\/3\/2023\/05\/CARD_IconBookaDemo.svg","large-width":1,"large-height":1,"1536x1536":"https:\/\/cardata.co\/fr\/wp-content\/uploads\/sites\/3\/2023\/05\/CARD_IconBookaDemo.svg","1536x1536-width":1,"1536x1536-height":1,"2048x2048":"https:\/\/cardata.co\/fr\/wp-content\/uploads\/sites\/3\/2023\/05\/CARD_IconBookaDemo.svg","2048x2048-width":1,"2048x2048-height":1,"category-thumb":"https:\/\/cardata.co\/fr\/wp-content\/uploads\/sites\/3\/2023\/05\/CARD_IconBookaDemo.svg","category-thumb-width":1,"category-thumb-height":1}},"card_link_1":{"title":"R\u00e9server une d\u00e9mo","url":"https:\/\/cardata.co\/fr\/demo\/","target":""},"card_link_2_image":{"ID":3924,"id":3924,"title":"CARD_IconMail","filename":"CARD_IconMail.svg","filesize":468,"url":"https:\/\/cardata.co\/fr\/wp-content\/uploads\/sites\/3\/2023\/05\/CARD_IconMail.svg","link":"https:\/\/cardata.co\/fr\/contact\/card_iconmail\/","alt":"Ic\u00f4ne Courrier","author":"2","description":"","caption":"","name":"card_iconmail","status":"inherit","uploaded_to":1255,"date":"2023-05-06 10:20:45","modified":"2023-05-08 14:21:38","menu_order":0,"mime_type":"image\/svg+xml","type":"image","subtype":"svg+xml","icon":"https:\/\/cardata.co\/fr\/wp-includes\/images\/media\/default.png","width":0,"height":0,"sizes":{"thumbnail":"https:\/\/cardata.co\/fr\/wp-content\/uploads\/sites\/3\/2023\/05\/CARD_IconMail.svg","thumbnail-width":1,"thumbnail-height":1,"medium":"https:\/\/cardata.co\/fr\/wp-content\/uploads\/sites\/3\/2023\/05\/CARD_IconMail.svg","medium-width":1,"medium-height":1,"medium_large":"https:\/\/cardata.co\/fr\/wp-content\/uploads\/sites\/3\/2023\/05\/CARD_IconMail.svg","medium_large-width":1,"medium_large-height":1,"large":"https:\/\/cardata.co\/fr\/wp-content\/uploads\/sites\/3\/2023\/05\/CARD_IconMail.svg","large-width":1,"large-height":1,"1536x1536":"https:\/\/cardata.co\/fr\/wp-content\/uploads\/sites\/3\/2023\/05\/CARD_IconMail.svg","1536x1536-width":1,"1536x1536-height":1,"2048x2048":"https:\/\/cardata.co\/fr\/wp-content\/uploads\/sites\/3\/2023\/05\/CARD_IconMail.svg","2048x2048-width":1,"2048x2048-height":1,"category-thumb":"https:\/\/cardata.co\/fr\/wp-content\/uploads\/sites\/3\/2023\/05\/CARD_IconMail.svg","category-thumb-width":1,"category-thumb-height":1}},"card_link_2":{"title":"Contactez-nous","url":"https:\/\/welcome.cardata.co\/get-in-touch","target":"_blank"},"card_link_3_image":{"ID":3925,"id":3925,"title":"CARD_IconPhone","filename":"CARD_IconPhone.svg","filesize":712,"url":"https:\/\/cardata.co\/fr\/wp-content\/uploads\/sites\/3\/2023\/05\/CARD_IconPhone.svg","link":"https:\/\/cardata.co\/fr\/contact\/card_iconphone\/","alt":"ic\u00f4ne de t\u00e9l\u00e9phone","author":"2","description":"","caption":"","name":"card_iconphone","status":"inherit","uploaded_to":1255,"date":"2023-05-06 10:20:52","modified":"2023-05-08 14:20:43","menu_order":0,"mime_type":"image\/svg+xml","type":"image","subtype":"svg+xml","icon":"https:\/\/cardata.co\/fr\/wp-includes\/images\/media\/default.png","width":0,"height":0,"sizes":{"thumbnail":"https:\/\/cardata.co\/fr\/wp-content\/uploads\/sites\/3\/2023\/05\/CARD_IconPhone.svg","thumbnail-width":1,"thumbnail-height":1,"medium":"https:\/\/cardata.co\/fr\/wp-content\/uploads\/sites\/3\/2023\/05\/CARD_IconPhone.svg","medium-width":1,"medium-height":1,"medium_large":"https:\/\/cardata.co\/fr\/wp-content\/uploads\/sites\/3\/2023\/05\/CARD_IconPhone.svg","medium_large-width":1,"medium_large-height":1,"large":"https:\/\/cardata.co\/fr\/wp-content\/uploads\/sites\/3\/2023\/05\/CARD_IconPhone.svg","large-width":1,"large-height":1,"1536x1536":"https:\/\/cardata.co\/fr\/wp-content\/uploads\/sites\/3\/2023\/05\/CARD_IconPhone.svg","1536x1536-width":1,"1536x1536-height":1,"2048x2048":"https:\/\/cardata.co\/fr\/wp-content\/uploads\/sites\/3\/2023\/05\/CARD_IconPhone.svg","2048x2048-width":1,"2048x2048-height":1,"category-thumb":"https:\/\/cardata.co\/fr\/wp-content\/uploads\/sites\/3\/2023\/05\/CARD_IconPhone.svg","category-thumb-width":1,"category-thumb-height":1}},"card_link_3":{"title":"+1 (737) 271-0060","url":"tel: +1 (737) 271-0060","target":""}},{"card_title":"Assistance utilisateur","card_subtitle":"Les clients existants peuvent nous contacter par t\u00e9l\u00e9phone ou par e-mail pour obtenir une assistance sur les programmes et la technologie.","card_link_1_image":false,"card_link_1":"","card_link_2_image":{"ID":3924,"id":3924,"title":"CARD_IconMail","filename":"CARD_IconMail.svg","filesize":468,"url":"https:\/\/cardata.co\/fr\/wp-content\/uploads\/sites\/3\/2023\/05\/CARD_IconMail.svg","link":"https:\/\/cardata.co\/fr\/contact\/card_iconmail\/","alt":"Ic\u00f4ne Courrier","author":"2","description":"","caption":"","name":"card_iconmail","status":"inherit","uploaded_to":1255,"date":"2023-05-06 10:20:45","modified":"2023-05-08 14:21:38","menu_order":0,"mime_type":"image\/svg+xml","type":"image","subtype":"svg+xml","icon":"https:\/\/cardata.co\/fr\/wp-includes\/images\/media\/default.png","width":0,"height":0,"sizes":{"thumbnail":"https:\/\/cardata.co\/fr\/wp-content\/uploads\/sites\/3\/2023\/05\/CARD_IconMail.svg","thumbnail-width":1,"thumbnail-height":1,"medium":"https:\/\/cardata.co\/fr\/wp-content\/uploads\/sites\/3\/2023\/05\/CARD_IconMail.svg","medium-width":1,"medium-height":1,"medium_large":"https:\/\/cardata.co\/fr\/wp-content\/uploads\/sites\/3\/2023\/05\/CARD_IconMail.svg","medium_large-width":1,"medium_large-height":1,"large":"https:\/\/cardata.co\/fr\/wp-content\/uploads\/sites\/3\/2023\/05\/CARD_IconMail.svg","large-width":1,"large-height":1,"1536x1536":"https:\/\/cardata.co\/fr\/wp-content\/uploads\/sites\/3\/2023\/05\/CARD_IconMail.svg","1536x1536-width":1,"1536x1536-height":1,"2048x2048":"https:\/\/cardata.co\/fr\/wp-content\/uploads\/sites\/3\/2023\/05\/CARD_IconMail.svg","2048x2048-width":1,"2048x2048-height":1,"category-thumb":"https:\/\/cardata.co\/fr\/wp-content\/uploads\/sites\/3\/2023\/05\/CARD_IconMail.svg","category-thumb-width":1,"category-thumb-height":1}},"card_link_2":{"title":"support@cardata.co","url":"mailto:support@cardata.co","target":""},"card_link_3_image":{"ID":3925,"id":3925,"title":"CARD_IconPhone","filename":"CARD_IconPhone.svg","filesize":712,"url":"https:\/\/cardata.co\/fr\/wp-content\/uploads\/sites\/3\/2023\/05\/CARD_IconPhone.svg","link":"https:\/\/cardata.co\/fr\/contact\/card_iconphone\/","alt":"ic\u00f4ne de t\u00e9l\u00e9phone","author":"2","description":"","caption":"","name":"card_iconphone","status":"inherit","uploaded_to":1255,"date":"2023-05-06 10:20:52","modified":"2023-05-08 14:20:43","menu_order":0,"mime_type":"image\/svg+xml","type":"image","subtype":"svg+xml","icon":"https:\/\/cardata.co\/fr\/wp-includes\/images\/media\/default.png","width":0,"height":0,"sizes":{"thumbnail":"https:\/\/cardata.co\/fr\/wp-content\/uploads\/sites\/3\/2023\/05\/CARD_IconPhone.svg","thumbnail-width":1,"thumbnail-height":1,"medium":"https:\/\/cardata.co\/fr\/wp-content\/uploads\/sites\/3\/2023\/05\/CARD_IconPhone.svg","medium-width":1,"medium-height":1,"medium_large":"https:\/\/cardata.co\/fr\/wp-content\/uploads\/sites\/3\/2023\/05\/CARD_IconPhone.svg","medium_large-width":1,"medium_large-height":1,"large":"https:\/\/cardata.co\/fr\/wp-content\/uploads\/sites\/3\/2023\/05\/CARD_IconPhone.svg","large-width":1,"large-height":1,"1536x1536":"https:\/\/cardata.co\/fr\/wp-content\/uploads\/sites\/3\/2023\/05\/CARD_IconPhone.svg","1536x1536-width":1,"1536x1536-height":1,"2048x2048":"https:\/\/cardata.co\/fr\/wp-content\/uploads\/sites\/3\/2023\/05\/CARD_IconPhone.svg","2048x2048-width":1,"2048x2048-height":1,"category-thumb":"https:\/\/cardata.co\/fr\/wp-content\/uploads\/sites\/3\/2023\/05\/CARD_IconPhone.svg","category-thumb-width":1,"category-thumb-height":1}},"card_link_3":{"title":"+1 (437) 291-0460","url":"tel:+1 (437) 291-0460","target":""}}],"headquarters":false,"headquarters_section_title":"","contact_form":"<script charset=\"utf-8\" type=\"text\/javascript\" src=\"\/\/js.hsforms.net\/forms\/embed\/v2.js\"><\/script>\r\n<script>\r\n  hbspt.forms.create({\r\n    region: \"na1\",\r\n    portalId: \"20252759\",\r\n    formId: \"6b57cf31-d2d3-4c17-8b17-817bf11aef83\"\r\n  });\r\n<\/script>"},"yoast_head":"<!-- This site is optimized with the Yoast SEO plugin v22.8 - https:\/\/yoast.com\/wordpress\/plugins\/seo\/ -->\n<title>Cardata | Contactez-nous<\/title>\n<meta name=\"description\" content=\"Appelez ou envoyez un e-mail pour entrer en contact avec un repr\u00e9sentant Cardata et en savoir plus, ou r\u00e9servez une session de d\u00e9monstration pour essayer notre logiciel de remboursement de v\u00e9hicule.\" \/>\n<meta name=\"robots\" content=\"index, follow, max-snippet:-1, max-image-preview:large, max-video-preview:-1\" \/>\n<link rel=\"canonical\" href=\"https:\/\/cardata.co\/fr\/wp-json\/wp\/v2\/pages\/1255\" \/>\n<meta property=\"og:locale\" content=\"en_US\" \/>\n<meta property=\"og:type\" content=\"article\" \/>\n<meta property=\"og:title\" content=\"Cardata | Contactez-nous\" \/>\n<meta property=\"og:description\" content=\"Appelez ou envoyez un e-mail pour entrer en contact avec un repr\u00e9sentant Cardata et en savoir plus, ou r\u00e9servez une session de d\u00e9monstration pour essayer notre logiciel de remboursement de v\u00e9hicule.\" \/>\n<meta property=\"og:url\" content=\"https:\/\/cardata.co\/fr\/contact\/\" \/>\n<meta property=\"og:site_name\" content=\"Cardata fr\" \/>\n<meta property=\"article:modified_time\" content=\"2023-05-16T12:12:22+00:00\" \/>\n<meta name=\"twitter:card\" content=\"summary_large_image\" \/>\n<script type=\"application\/ld+json\" class=\"yoast-schema-graph\">{\"@context\":\"https:\/\/schema.org\",\"@graph\":[{\"@type\":\"WebPage\",\"@id\":\"https:\/\/cardata.co\/fr\/contact\/\",\"url\":\"https:\/\/cardata.co\/fr\/contact\/\",\"name\":\"Cardata | Contactez-nous\",\"isPartOf\":{\"@id\":\"https:\/\/cardata.co\/fr\/#website\"},\"datePublished\":\"2023-03-31T13:32:42+00:00\",\"dateModified\":\"2023-05-16T12:12:22+00:00\",\"description\":\"Appelez ou envoyez un e-mail pour entrer en contact avec un repr\u00e9sentant Cardata et en savoir plus, ou r\u00e9servez une session de d\u00e9monstration pour essayer notre logiciel de remboursement de v\u00e9hicule.\",\"breadcrumb\":{\"@id\":\"https:\/\/cardata.co\/fr\/contact\/#breadcrumb\"},\"inLanguage\":\"en-US\",\"potentialAction\":[{\"@type\":\"ReadAction\",\"target\":[\"https:\/\/cardata.co\/fr\/contact\/\"]}]},{\"@type\":\"BreadcrumbList\",\"@id\":\"https:\/\/cardata.co\/fr\/contact\/#breadcrumb\",\"itemListElement\":[{\"@type\":\"ListItem\",\"position\":1,\"name\":\"Home\",\"item\":\"https:\/\/cardata.co\/fr\/\"},{\"@type\":\"ListItem\",\"position\":2,\"name\":\"Contact\"}]},{\"@type\":\"WebSite\",\"@id\":\"https:\/\/cardata.co\/fr\/#website\",\"url\":\"https:\/\/cardata.co\/fr\/\",\"name\":\"Cardata\",\"description\":\"\",\"potentialAction\":[{\"@type\":\"SearchAction\",\"target\":{\"@type\":\"EntryPoint\",\"urlTemplate\":\"https:\/\/cardata.co\/fr\/?s={search_term_string}\"},\"query-input\":\"required name=search_term_string\"}],\"inLanguage\":\"en-US\"}]}<\/script>\n<!-- \/ Yoast SEO plugin. -->","yoast_head_json":{"title":"Cardata | Contactez-nous","description":"Appelez ou envoyez un e-mail pour entrer en contact avec un repr\u00e9sentant Cardata et en savoir plus, ou r\u00e9servez une session de d\u00e9monstration pour essayer notre logiciel de remboursement de v\u00e9hicule.","robots":{"index":"index","follow":"follow","max-snippet":"max-snippet:-1","max-image-preview":"max-image-preview:large","max-video-preview":"max-video-preview:-1"},"canonical":"https:\/\/cardata.co\/fr\/wp-json\/wp\/v2\/pages\/1255","og_locale":"en_US","og_type":"article","og_title":"Cardata | Contactez-nous","og_description":"Appelez ou envoyez un e-mail pour entrer en contact avec un repr\u00e9sentant Cardata et en savoir plus, ou r\u00e9servez une session de d\u00e9monstration pour essayer notre logiciel de remboursement de v\u00e9hicule.","og_url":"https:\/\/cardata.co\/fr\/contact\/","og_site_name":"Cardata fr","article_modified_time":"2023-05-16T12:12:22+00:00","twitter_card":"summary_large_image","schema":{"@context":"https:\/\/schema.org","@graph":[{"@type":"WebPage","@id":"https:\/\/cardata.co\/fr\/contact\/","url":"https:\/\/cardata.co\/fr\/contact\/","name":"Cardata | Contactez-nous","isPartOf":{"@id":"https:\/\/cardata.co\/fr\/#website"},"datePublished":"2023-03-31T13:32:42+00:00","dateModified":"2023-05-16T12:12:22+00:00","description":"Appelez ou envoyez un e-mail pour entrer en contact avec un repr\u00e9sentant Cardata et en savoir plus, ou r\u00e9servez une session de d\u00e9monstration pour essayer notre logiciel de remboursement de v\u00e9hicule.","breadcrumb":{"@id":"https:\/\/cardata.co\/fr\/contact\/#breadcrumb"},"inLanguage":"en-US","potentialAction":[{"@type":"ReadAction","target":["https:\/\/cardata.co\/fr\/contact\/"]}]},{"@type":"BreadcrumbList","@id":"https:\/\/cardata.co\/fr\/contact\/#breadcrumb","itemListElement":[{"@type":"ListItem","position":1,"name":"Home","item":"https:\/\/cardata.co\/fr\/"},{"@type":"ListItem","position":2,"name":"Contact"}]},{"@type":"WebSite","@id":"https:\/\/cardata.co\/fr\/#website","url":"https:\/\/cardata.co\/fr\/","name":"Cardata","description":"","potentialAction":[{"@type":"SearchAction","target":{"@type":"EntryPoint","urlTemplate":"https:\/\/cardata.co\/fr\/?s={search_term_string}"},"query-input":"required name=search_term_string"}],"inLanguage":"en-US"}]}},"_links":{"self":[{"href":"https:\/\/cardata.co\/fr\/wp-json\/wp\/v2\/pages\/1255","targetHints":{"allow":["GET"]}}],"collection":[{"href":"https:\/\/cardata.co\/fr\/wp-json\/wp\/v2\/pages"}],"about":[{"href":"https:\/\/cardata.co\/fr\/wp-json\/wp\/v2\/types\/page"}],"author":[{"embeddable":true,"href":"https:\/\/cardata.co\/fr\/wp-json\/wp\/v2\/users\/1"}],"replies":[{"embeddable":true,"href":"https:\/\/cardata.co\/fr\/wp-json\/wp\/v2\/comments?post=1255"}],"version-history":[{"count":0,"href":"https:\/\/cardata.co\/fr\/wp-json\/wp\/v2\/pages\/1255\/revisions"}],"wp:attachment":[{"href":"https:\/\/cardata.co\/fr\/wp-json\/wp\/v2\/media?parent=1255"}],"curies":[{"name":"wp","href":"https:\/\/api.w.org\/{rel}","templated":true}]}}