{"id":1244,"date":"2023-04-28T08:43:50","date_gmt":"2023-04-28T08:43:50","guid":{"rendered":"https:\/\/cardata.co\/fr\/products\/direct-pay\/"},"modified":"2023-05-06T15:25:50","modified_gmt":"2023-05-06T15:25:50","slug":"direct-pay","status":"publish","type":"page","link":"https:\/\/cardata.co\/fr\/products\/direct-pay\/","title":{"rendered":"Direct Pay"},"content":{"rendered":"","protected":false},"excerpt":{"rendered":"","protected":false},"author":2,"featured_media":0,"parent":1240,"menu_order":0,"comment_status":"closed","ping_status":"closed","template":"page-product.php","meta":{"_acf_changed":false,"footnotes":""},"class_list":["post-1244","page","type-page","status-publish","hentry"],"acf":{"sections":[{"acf_fc_layout":"center_aligned_hero","hero_title":"Remboursements directs","hero_tagline":"Ex\u00e9cutez vos remboursements via notre logiciel de paiement direct. Votre \u00e9quipe adorera les d\u00e9p\u00f4ts en temps opportun.\r\nButton 1 Label (2-4 words\/\u223c8-12 characters):R\u00e9server une d\u00e9mo","hero_button":{"title":"R\u00e9server une d\u00e9mo","url":"https:\/\/cardata.co\/fr\/demo\/","target":""},"hero_button_id":"","hero_extra_button":null,"hero_colors":"third"},{"acf_fc_layout":"logo_slider","logos":[{"logo":{"ID":3922,"id":3922,"title":"VieMed","filename":"VieMed.png","filesize":31551,"url":"https:\/\/cardata.co\/fr\/wp-content\/uploads\/sites\/3\/2023\/05\/VieMed.png","link":"https:\/\/cardata.co\/fr\/?attachment_id=3922","alt":"VieMed Ic\u00f4ne","author":"2","description":"","caption":"","name":"viemed","status":"inherit","uploaded_to":1254,"date":"2023-10-05 14:51:05","modified":"2023-10-05 14:51:05","menu_order":0,"mime_type":"image\/png","type":"image","subtype":"png","icon":"https:\/\/cardata.co\/fr\/wp-includes\/images\/media\/default.png","width":500,"height":268,"sizes":{"thumbnail":"https:\/\/cardata.co\/fr\/wp-content\/uploads\/sites\/3\/2023\/05\/VieMed-150x150.png","thumbnail-width":150,"thumbnail-height":150,"medium":"https:\/\/cardata.co\/fr\/wp-content\/uploads\/sites\/3\/2023\/05\/VieMed-300x161.png","medium-width":300,"medium-height":161,"medium_large":"https:\/\/cardata.co\/fr\/wp-content\/uploads\/sites\/3\/2023\/05\/VieMed.png","medium_large-width":500,"medium_large-height":268,"large":"https:\/\/cardata.co\/fr\/wp-content\/uploads\/sites\/3\/2023\/05\/VieMed.png","large-width":500,"large-height":268,"1536x1536":"https:\/\/cardata.co\/fr\/wp-content\/uploads\/sites\/3\/2023\/05\/VieMed.png","1536x1536-width":500,"1536x1536-height":268,"2048x2048":"https:\/\/cardata.co\/fr\/wp-content\/uploads\/sites\/3\/2023\/05\/VieMed.png","2048x2048-width":500,"2048x2048-height":268,"category-thumb":"https:\/\/cardata.co\/fr\/wp-content\/uploads\/sites\/3\/2023\/05\/VieMed-300x161.png","category-thumb-width":300,"category-thumb-height":161}}},{"logo":{"ID":3920,"id":3920,"title":"PFG Logo","filename":"PFG.png","filesize":10897,"url":"https:\/\/cardata.co\/fr\/wp-content\/uploads\/sites\/3\/2023\/05\/PFG.png","link":"https:\/\/cardata.co\/fr\/?attachment_id=3920","alt":"Logo PFG","author":"2","description":"","caption":"","name":"pfg","status":"inherit","uploaded_to":1254,"date":"2023-10-05 14:45:22","modified":"2023-10-05 14:46:23","menu_order":0,"mime_type":"image\/png","type":"image","subtype":"png","icon":"https:\/\/cardata.co\/fr\/wp-includes\/images\/media\/default.png","width":500,"height":76,"sizes":{"thumbnail":"https:\/\/cardata.co\/fr\/wp-content\/uploads\/sites\/3\/2023\/05\/PFG-150x76.png","thumbnail-width":150,"thumbnail-height":76,"medium":"https:\/\/cardata.co\/fr\/wp-content\/uploads\/sites\/3\/2023\/05\/PFG-300x46.png","medium-width":300,"medium-height":46,"medium_large":"https:\/\/cardata.co\/fr\/wp-content\/uploads\/sites\/3\/2023\/05\/PFG.png","medium_large-width":500,"medium_large-height":76,"large":"https:\/\/cardata.co\/fr\/wp-content\/uploads\/sites\/3\/2023\/05\/PFG.png","large-width":500,"large-height":76,"1536x1536":"https:\/\/cardata.co\/fr\/wp-content\/uploads\/sites\/3\/2023\/05\/PFG.png","1536x1536-width":500,"1536x1536-height":76,"2048x2048":"https:\/\/cardata.co\/fr\/wp-content\/uploads\/sites\/3\/2023\/05\/PFG.png","2048x2048-width":500,"2048x2048-height":76,"category-thumb":"https:\/\/cardata.co\/fr\/wp-content\/uploads\/sites\/3\/2023\/05\/PFG-300x46.png","category-thumb-width":300,"category-thumb-height":46}}},{"logo":{"ID":3921,"id":3921,"title":"TaylorMAde_logo","filename":"TaylorMAde_logo.png","filesize":28923,"url":"https:\/\/cardata.co\/fr\/wp-content\/uploads\/sites\/3\/2023\/05\/TaylorMAde_logo.png","link":"https:\/\/cardata.co\/fr\/?attachment_id=3921","alt":"Logo TaylorMade","author":"2","description":"","caption":"","name":"taylormade_logo","status":"inherit","uploaded_to":1254,"date":"2023-10-05 14:50:41","modified":"2023-10-05 14:50:41","menu_order":0,"mime_type":"image\/png","type":"image","subtype":"png","icon":"https:\/\/cardata.co\/fr\/wp-includes\/images\/media\/default.png","width":500,"height":97,"sizes":{"thumbnail":"https:\/\/cardata.co\/fr\/wp-content\/uploads\/sites\/3\/2023\/05\/TaylorMAde_logo-150x97.png","thumbnail-width":150,"thumbnail-height":97,"medium":"https:\/\/cardata.co\/fr\/wp-content\/uploads\/sites\/3\/2023\/05\/TaylorMAde_logo-300x58.png","medium-width":300,"medium-height":58,"medium_large":"https:\/\/cardata.co\/fr\/wp-content\/uploads\/sites\/3\/2023\/05\/TaylorMAde_logo.png","medium_large-width":500,"medium_large-height":97,"large":"https:\/\/cardata.co\/fr\/wp-content\/uploads\/sites\/3\/2023\/05\/TaylorMAde_logo.png","large-width":500,"large-height":97,"1536x1536":"https:\/\/cardata.co\/fr\/wp-content\/uploads\/sites\/3\/2023\/05\/TaylorMAde_logo.png","1536x1536-width":500,"1536x1536-height":97,"2048x2048":"https:\/\/cardata.co\/fr\/wp-content\/uploads\/sites\/3\/2023\/05\/TaylorMAde_logo.png","2048x2048-width":500,"2048x2048-height":97,"category-thumb":"https:\/\/cardata.co\/fr\/wp-content\/uploads\/sites\/3\/2023\/05\/TaylorMAde_logo-300x58.png","category-thumb-width":300,"category-thumb-height":58}}},{"logo":{"ID":3918,"id":3918,"title":"Arrow","filename":"Arrow-e1686669915606.png","filesize":7294,"url":"https:\/\/cardata.co\/fr\/wp-content\/uploads\/sites\/3\/2023\/05\/Arrow-e1686669915606.png","link":"https:\/\/cardata.co\/fr\/?attachment_id=3918","alt":"Logo Arrow","author":"2","description":"","caption":"","name":"arrow","status":"inherit","uploaded_to":1254,"date":"2023-10-05 14:47:01","modified":"2023-10-05 14:47:01","menu_order":0,"mime_type":"image\/png","type":"image","subtype":"png","icon":"https:\/\/cardata.co\/fr\/wp-includes\/images\/media\/default.png","width":500,"height":103,"sizes":{"thumbnail":"https:\/\/cardata.co\/fr\/wp-content\/uploads\/sites\/3\/2023\/05\/Arrow-e1686669915606-150x103.png","thumbnail-width":150,"thumbnail-height":103,"medium":"https:\/\/cardata.co\/fr\/wp-content\/uploads\/sites\/3\/2023\/05\/Arrow-e1686669915606-300x62.png","medium-width":300,"medium-height":62,"medium_large":"https:\/\/cardata.co\/fr\/wp-content\/uploads\/sites\/3\/2023\/05\/Arrow-e1686669915606.png","medium_large-width":500,"medium_large-height":103,"large":"https:\/\/cardata.co\/fr\/wp-content\/uploads\/sites\/3\/2023\/05\/Arrow-e1686669915606.png","large-width":500,"large-height":103,"1536x1536":"https:\/\/cardata.co\/fr\/wp-content\/uploads\/sites\/3\/2023\/05\/Arrow-e1686669915606.png","1536x1536-width":500,"1536x1536-height":103,"2048x2048":"https:\/\/cardata.co\/fr\/wp-content\/uploads\/sites\/3\/2023\/05\/Arrow-e1686669915606.png","2048x2048-width":500,"2048x2048-height":103,"category-thumb":"https:\/\/cardata.co\/fr\/wp-content\/uploads\/sites\/3\/2023\/05\/Arrow-e1686669915606-300x62.png","category-thumb-width":300,"category-thumb-height":62}}},{"logo":{"ID":3919,"id":3919,"title":"Crayola_logo","filename":"Crayola_logo.png","filesize":199145,"url":"https:\/\/cardata.co\/fr\/wp-content\/uploads\/sites\/3\/2023\/05\/Crayola_logo.png","link":"https:\/\/cardata.co\/fr\/?attachment_id=3919","alt":"Logo Crayola","author":"2","description":"","caption":"","name":"crayola_logo","status":"inherit","uploaded_to":1254,"date":"2023-10-05 14:46:34","modified":"2023-10-05 14:46:34","menu_order":0,"mime_type":"image\/png","type":"image","subtype":"png","icon":"https:\/\/cardata.co\/fr\/wp-includes\/images\/media\/default.png","width":500,"height":316,"sizes":{"thumbnail":"https:\/\/cardata.co\/fr\/wp-content\/uploads\/sites\/3\/2023\/05\/Crayola_logo-150x150.png","thumbnail-width":150,"thumbnail-height":150,"medium":"https:\/\/cardata.co\/fr\/wp-content\/uploads\/sites\/3\/2023\/05\/Crayola_logo-300x190.png","medium-width":300,"medium-height":190,"medium_large":"https:\/\/cardata.co\/fr\/wp-content\/uploads\/sites\/3\/2023\/05\/Crayola_logo.png","medium_large-width":500,"medium_large-height":316,"large":"https:\/\/cardata.co\/fr\/wp-content\/uploads\/sites\/3\/2023\/05\/Crayola_logo.png","large-width":500,"large-height":316,"1536x1536":"https:\/\/cardata.co\/fr\/wp-content\/uploads\/sites\/3\/2023\/05\/Crayola_logo.png","1536x1536-width":500,"1536x1536-height":316,"2048x2048":"https:\/\/cardata.co\/fr\/wp-content\/uploads\/sites\/3\/2023\/05\/Crayola_logo.png","2048x2048-width":500,"2048x2048-height":316,"category-thumb":"https:\/\/cardata.co\/fr\/wp-content\/uploads\/sites\/3\/2023\/05\/Crayola_logo-300x190.png","category-thumb-width":300,"category-thumb-height":190}}}],"section_space":"top-medium"},{"acf_fc_layout":"heading","heading":"Ne payez jamais un jour de retard.","section_space":"top-large-bottom-small","background_color":"none"},{"acf_fc_layout":"3_icon_cards","card":[{"card_icon":{"ID":1635,"id":1635,"title":"CARD_IconRenew_Purple","filename":"CARD_IconRenew_Purple.svg","filesize":1001,"url":"https:\/\/cardata.co\/fr\/wp-content\/uploads\/sites\/3\/2023\/05\/CARD_IconRenew_Purple.svg","link":"https:\/\/cardata.co\/fr\/products\/insurance-compliance\/card_iconrenew_purple\/","alt":"Ic\u00f4ne de renouvellement","author":"1","description":"","caption":"","name":"card_iconrenew_purple","status":"inherit","uploaded_to":1266,"date":"2023-05-04 18:23:04","modified":"2023-05-08 14:55:43","menu_order":0,"mime_type":"image\/svg+xml","type":"image","subtype":"svg+xml","icon":"https:\/\/cardata.co\/fr\/wp-includes\/images\/media\/default.png","width":0,"height":0,"sizes":{"thumbnail":"https:\/\/cardata.co\/fr\/wp-content\/uploads\/sites\/3\/2023\/05\/CARD_IconRenew_Purple.svg","thumbnail-width":1,"thumbnail-height":1,"medium":"https:\/\/cardata.co\/fr\/wp-content\/uploads\/sites\/3\/2023\/05\/CARD_IconRenew_Purple.svg","medium-width":1,"medium-height":1,"medium_large":"https:\/\/cardata.co\/fr\/wp-content\/uploads\/sites\/3\/2023\/05\/CARD_IconRenew_Purple.svg","medium_large-width":1,"medium_large-height":1,"large":"https:\/\/cardata.co\/fr\/wp-content\/uploads\/sites\/3\/2023\/05\/CARD_IconRenew_Purple.svg","large-width":1,"large-height":1,"1536x1536":"https:\/\/cardata.co\/fr\/wp-content\/uploads\/sites\/3\/2023\/05\/CARD_IconRenew_Purple.svg","1536x1536-width":1,"1536x1536-height":1,"2048x2048":"https:\/\/cardata.co\/fr\/wp-content\/uploads\/sites\/3\/2023\/05\/CARD_IconRenew_Purple.svg","2048x2048-width":1,"2048x2048-height":1,"category-thumb":"https:\/\/cardata.co\/fr\/wp-content\/uploads\/sites\/3\/2023\/05\/CARD_IconRenew_Purple.svg","category-thumb-width":1,"category-thumb-height":1}},"card_title":"Remboursements automatis\u00e9s","card_subtitle":"Supprimez le caract\u00e8re al\u00e9atoire du traitement des paiements - c'est un travail d'automatisation."},{"card_icon":{"ID":1640,"id":1640,"title":"CARD_IconThumbsUp","filename":"CARD_IconThumbsUp.svg","filesize":555,"url":"https:\/\/cardata.co\/fr\/wp-content\/uploads\/sites\/3\/2023\/05\/CARD_IconThumbsUp.svg","link":"https:\/\/cardata.co\/fr\/products\/direct-pay\/card_iconthumbsup\/","alt":"Ic\u00f4ne pouce vers le haut","author":"1","description":"","caption":"","name":"card_iconthumbsup","status":"inherit","uploaded_to":1244,"date":"2023-05-05 07:23:16","modified":"2023-05-08 14:55:17","menu_order":0,"mime_type":"image\/svg+xml","type":"image","subtype":"svg+xml","icon":"https:\/\/cardata.co\/fr\/wp-includes\/images\/media\/default.png","width":0,"height":0,"sizes":{"thumbnail":"https:\/\/cardata.co\/fr\/wp-content\/uploads\/sites\/3\/2023\/05\/CARD_IconThumbsUp.svg","thumbnail-width":1,"thumbnail-height":1,"medium":"https:\/\/cardata.co\/fr\/wp-content\/uploads\/sites\/3\/2023\/05\/CARD_IconThumbsUp.svg","medium-width":1,"medium-height":1,"medium_large":"https:\/\/cardata.co\/fr\/wp-content\/uploads\/sites\/3\/2023\/05\/CARD_IconThumbsUp.svg","medium_large-width":1,"medium_large-height":1,"large":"https:\/\/cardata.co\/fr\/wp-content\/uploads\/sites\/3\/2023\/05\/CARD_IconThumbsUp.svg","large-width":1,"large-height":1,"1536x1536":"https:\/\/cardata.co\/fr\/wp-content\/uploads\/sites\/3\/2023\/05\/CARD_IconThumbsUp.svg","1536x1536-width":1,"1536x1536-height":1,"2048x2048":"https:\/\/cardata.co\/fr\/wp-content\/uploads\/sites\/3\/2023\/05\/CARD_IconThumbsUp.svg","2048x2048-width":1,"2048x2048-height":1,"category-thumb":"https:\/\/cardata.co\/fr\/wp-content\/uploads\/sites\/3\/2023\/05\/CARD_IconThumbsUp.svg","category-thumb-width":1,"category-thumb-height":1}},"card_title":"Satisfaction des chauffeurs","card_subtitle":"Aider les conducteurs g\u00e8rent leurs co\u00fbts de v\u00e9hicule et leur apportent la tranquillit\u00e9 d'esprit."},{"card_icon":{"ID":1631,"id":1631,"title":"CARD_IconGears_Purple","filename":"CARD_IconGears_Purple.svg","filesize":1919,"url":"https:\/\/cardata.co\/fr\/wp-content\/uploads\/sites\/3\/2023\/05\/CARD_IconGears_Purple.svg","link":"https:\/\/cardata.co\/fr\/products\/admin-management\/card_icongears_purple\/","alt":"Ic\u00f4ne d'engrenages","author":"1","description":"","caption":"","name":"card_icongears_purple","status":"inherit","uploaded_to":1267,"date":"2023-05-04 18:10:37","modified":"2023-05-08 15:10:09","menu_order":0,"mime_type":"image\/svg+xml","type":"image","subtype":"svg+xml","icon":"https:\/\/cardata.co\/fr\/wp-includes\/images\/media\/default.png","width":0,"height":0,"sizes":{"thumbnail":"https:\/\/cardata.co\/fr\/wp-content\/uploads\/sites\/3\/2023\/05\/CARD_IconGears_Purple.svg","thumbnail-width":1,"thumbnail-height":1,"medium":"https:\/\/cardata.co\/fr\/wp-content\/uploads\/sites\/3\/2023\/05\/CARD_IconGears_Purple.svg","medium-width":1,"medium-height":1,"medium_large":"https:\/\/cardata.co\/fr\/wp-content\/uploads\/sites\/3\/2023\/05\/CARD_IconGears_Purple.svg","medium_large-width":1,"medium_large-height":1,"large":"https:\/\/cardata.co\/fr\/wp-content\/uploads\/sites\/3\/2023\/05\/CARD_IconGears_Purple.svg","large-width":1,"large-height":1,"1536x1536":"https:\/\/cardata.co\/fr\/wp-content\/uploads\/sites\/3\/2023\/05\/CARD_IconGears_Purple.svg","1536x1536-width":1,"1536x1536-height":1,"2048x2048":"https:\/\/cardata.co\/fr\/wp-content\/uploads\/sites\/3\/2023\/05\/CARD_IconGears_Purple.svg","2048x2048-width":1,"2048x2048-height":1,"category-thumb":"https:\/\/cardata.co\/fr\/wp-content\/uploads\/sites\/3\/2023\/05\/CARD_IconGears_Purple.svg","category-thumb-width":1,"category-thumb-height":1}},"card_title":"Charge administrative all\u00e9g\u00e9e","card_subtitle":"\u00c9vitez les tracas li\u00e9s au traitement des remboursements avec la paie."}],"background_color":"none","section_space":"bottom-large"},{"acf_fc_layout":"tabs","tabs_section_title":"Remboursements, juste \u00e0 temps.","tab":[{"tab_title":"Configurer les d\u00e9tails du d\u00e9p\u00f4t direct","tab_description":"Laissez votre \u00e9quipe saisir ses informations de d\u00e9p\u00f4t direct lors de son inscription au programme. S'ils ont besoin de nous, Cardata est l\u00e0 pour les aider.","tab_list_items":[{"item":"Suivez les instructions simples pour saisir les informations bancaires."},{"item":"Inscrivez-vous avec une interface logicielle simple."},{"item":"Savoir les remboursements approchent \u00e0 grands pas."}]},{"tab_title":"Comptez sur la coh\u00e9rence","tab_description":"Recevez votre remboursement le m\u00eame jour chaque mois, afin que vous puissiez planifier \u00e0 l'avance.","tab_list_items":[{"item":"Apportez transparence et pr\u00e9visibilit\u00e9 aux remboursements des chauffeurs."},{"item":"Laissez les conducteurs mieux g\u00e9rer leurs finances."},{"item":"A \u00e9mis des paiements en retard pour le mois pr\u00e9c\u00e9dant la date de remboursement."}]},{"tab_title":"Lib\u00e9rez du temps d'administration","tab_description":"Laisser vos administrateurs se concentrent sur des t\u00e2ches \u00e0 forte valeur ajout\u00e9e plut\u00f4t que sur des processus comptables manuels laborieux.","tab_list_items":[{"item":"Donnez aux administrateurs plus de temps pour ce qui compte avec Direct Pay."},{"item":"Comptez sur Cardata pour g\u00e9rer enti\u00e8rement le processus du logiciel de paiement direct."},{"item":"Gardez vos chauffeurs employ\u00e9s sur la route sans interruption."}]}],"section_space":"top-large-bottom-large"},{"acf_fc_layout":"heading_subheading","heading":"Voir ce que disent les utilisateurs","subheading":"Ne vous contentez pas de nous le prendre. D\u00e9couvrez pourquoi les meilleures entreprises de leur cat\u00e9gorie utilisent le paiement direct de Cardata pour le remboursement des v\u00e9hicules des chauffeurs des employ\u00e9s.","section_space":"top-large-bottom-small","background_color":"c--heading-a--third"},{"acf_fc_layout":"miscellaneous_slider","featured_testimonials":[{"ID":1497,"post_author":"2","post_date":"2023-04-28 16:10:25","post_date_gmt":"2023-04-28 16:10:25","post_content":"","post_title":"G2- Direct Payment: \"Le remboursement est sur leur compte le 15 du mois, tous les mois.\"","post_excerpt":"","post_status":"publish","comment_status":"closed","ping_status":"closed","post_password":"","post_name":"g2-reimbursement-is-in-their-account-on-the-15th-of-the-month-every-month","to_ping":"","pinged":"","post_modified":"2023-05-05 07:27:49","post_modified_gmt":"2023-05-05 07:27:49","post_content_filtered":"","post_parent":0,"guid":"https:\/\/cardata.co\/fr\/testimonial\/g2-reimbursement-is-in-their-account-on-the-15th-of-the-month-every-month\/","menu_order":0,"post_type":"testimonial","post_mime_type":"","comment_count":"0","filter":"raw"}],"section_space":"-"},{"acf_fc_layout":"growth_cta","banner_title":"Voir le paiement direct en action.","banner_button":{"title":"R\u00e9server une d\u00e9mo","url":"https:\/\/cardata.co\/fr\/demo\/","target":""},"banner_button_id":"","section_space":"-"},{"acf_fc_layout":"heading","heading":"FAQ sur le paiement direct","section_space":"top-large-bottom-small","background_color":"none"},{"acf_fc_layout":"faqs","featured_faqs":[{"ID":1533,"post_author":"2","post_date":"2023-04-27 13:13:29","post_date_gmt":"2023-04-27 13:13:29","post_content":"","post_title":"Qu'est-ce que Cardata Direct Pay ?","post_excerpt":"","post_status":"publish","comment_status":"closed","ping_status":"closed","post_password":"","post_name":"what-is-cardata-direct-pay","to_ping":"","pinged":"","post_modified":"2023-05-05 07:11:13","post_modified_gmt":"2023-05-05 07:11:13","post_content_filtered":"","post_parent":0,"guid":"https:\/\/cardata.co\/fr\/faq\/what-is-cardata-direct-pay\/","menu_order":0,"post_type":"faq","post_mime_type":"","comment_count":"0","filter":"raw"},{"ID":1526,"post_author":"2","post_date":"2023-04-27 16:33:18","post_date_gmt":"2023-04-27 16:33:18","post_content":"","post_title":"\u00c0 quelle fr\u00e9quence les paiements directs sont-ils effectu\u00e9s ?","post_excerpt":"","post_status":"publish","comment_status":"closed","ping_status":"closed","post_password":"","post_name":"how-often-are-direct-payments-made","to_ping":"","pinged":"","post_modified":"2023-05-05 07:10:40","post_modified_gmt":"2023-05-05 07:10:40","post_content_filtered":"","post_parent":0,"guid":"https:\/\/cardata.co\/fr\/faq\/how-often-are-direct-payments-made\/","menu_order":0,"post_type":"faq","post_mime_type":"","comment_count":"0","filter":"raw"},{"ID":1532,"post_author":"2","post_date":"2023-04-27 13:19:23","post_date_gmt":"2023-04-27 13:19:23","post_content":"","post_title":"Les employ\u00e9s doivent-ils fournir des informations bancaires ?","post_excerpt":"","post_status":"publish","comment_status":"closed","ping_status":"closed","post_password":"","post_name":"must-employees-provide-banking-information","to_ping":"","pinged":"","post_modified":"2023-05-05 07:10:13","post_modified_gmt":"2023-05-05 07:10:13","post_content_filtered":"","post_parent":0,"guid":"https:\/\/cardata.co\/fr\/faq\/must-employees-provide-banking-information\/","menu_order":0,"post_type":"faq","post_mime_type":"","comment_count":"0","filter":"raw"}],"section_space":"bottom-medium"},{"acf_fc_layout":"dashed_banner","banner_title":"Vous avez encore des questions ?","banner_button":{"title":"Contactez-nous","url":"https:\/\/cardata.co\/fr\/contact\/","target":""},"banner_button_id":"","section_space":"-"},{"acf_fc_layout":"latest_resources","resources_section_title":"Informations connexes","how_select":"last","pick_resources":null,"pick_resources_category":false,"resources_section_button":{"title":"Apprendre encore plus","url":"https:\/\/cardata.co\/fr\/resources\/blog\/","target":""},"section_space":"top-large-bottom-large"}]},"yoast_head":"<!-- This site is optimized with the Yoast SEO plugin v22.8 - https:\/\/yoast.com\/wordpress\/plugins\/seo\/ -->\n<title>Cardata | Paiement direct<\/title>\n<meta name=\"description\" content=\"Payez votre \u00e9quipe \u00e0 temps avec les d\u00e9p\u00f4ts directs pour les programmes de remboursement des v\u00e9hicules\" \/>\n<meta name=\"robots\" content=\"index, follow, max-snippet:-1, max-image-preview:large, max-video-preview:-1\" \/>\n<link rel=\"canonical\" href=\"https:\/\/cardata.co\/fr\/wp-json\/wp\/v2\/pages\/1244\" \/>\n<meta property=\"og:locale\" content=\"en_US\" \/>\n<meta property=\"og:type\" content=\"article\" \/>\n<meta property=\"og:title\" content=\"Cardata | Paiement direct\" \/>\n<meta property=\"og:description\" content=\"Payez votre \u00e9quipe \u00e0 temps avec les d\u00e9p\u00f4ts directs pour les programmes de remboursement des v\u00e9hicules\" \/>\n<meta property=\"og:url\" content=\"https:\/\/cardata.co\/fr\/products\/direct-pay\/\" \/>\n<meta property=\"og:site_name\" content=\"Cardata fr\" \/>\n<meta property=\"article:modified_time\" content=\"2023-05-06T15:25:50+00:00\" \/>\n<meta name=\"twitter:card\" content=\"summary_large_image\" \/>\n<script type=\"application\/ld+json\" class=\"yoast-schema-graph\">{\"@context\":\"https:\/\/schema.org\",\"@graph\":[{\"@type\":\"WebPage\",\"@id\":\"https:\/\/cardata.co\/fr\/products\/direct-pay\/\",\"url\":\"https:\/\/cardata.co\/fr\/products\/direct-pay\/\",\"name\":\"Cardata | Paiement direct\",\"isPartOf\":{\"@id\":\"https:\/\/cardata.co\/fr\/#website\"},\"datePublished\":\"2023-04-28T08:43:50+00:00\",\"dateModified\":\"2023-05-06T15:25:50+00:00\",\"description\":\"Payez votre \u00e9quipe \u00e0 temps avec les d\u00e9p\u00f4ts directs pour les programmes de remboursement des v\u00e9hicules\",\"breadcrumb\":{\"@id\":\"https:\/\/cardata.co\/fr\/products\/direct-pay\/#breadcrumb\"},\"inLanguage\":\"en-US\",\"potentialAction\":[{\"@type\":\"ReadAction\",\"target\":[\"https:\/\/cardata.co\/fr\/products\/direct-pay\/\"]}]},{\"@type\":\"BreadcrumbList\",\"@id\":\"https:\/\/cardata.co\/fr\/products\/direct-pay\/#breadcrumb\",\"itemListElement\":[{\"@type\":\"ListItem\",\"position\":1,\"name\":\"Home\",\"item\":\"https:\/\/cardata.co\/fr\/\"},{\"@type\":\"ListItem\",\"position\":2,\"name\":\"Products\",\"item\":\"https:\/\/cardata.co\/fr\/products\/\"},{\"@type\":\"ListItem\",\"position\":3,\"name\":\"Direct Pay\"}]},{\"@type\":\"WebSite\",\"@id\":\"https:\/\/cardata.co\/fr\/#website\",\"url\":\"https:\/\/cardata.co\/fr\/\",\"name\":\"Cardata\",\"description\":\"\",\"potentialAction\":[{\"@type\":\"SearchAction\",\"target\":{\"@type\":\"EntryPoint\",\"urlTemplate\":\"https:\/\/cardata.co\/fr\/?s={search_term_string}\"},\"query-input\":\"required name=search_term_string\"}],\"inLanguage\":\"en-US\"}]}<\/script>\n<!-- \/ Yoast SEO plugin. -->","yoast_head_json":{"title":"Cardata | Paiement direct","description":"Payez votre \u00e9quipe \u00e0 temps avec les d\u00e9p\u00f4ts directs pour les programmes de remboursement des v\u00e9hicules","robots":{"index":"index","follow":"follow","max-snippet":"max-snippet:-1","max-image-preview":"max-image-preview:large","max-video-preview":"max-video-preview:-1"},"canonical":"https:\/\/cardata.co\/fr\/wp-json\/wp\/v2\/pages\/1244","og_locale":"en_US","og_type":"article","og_title":"Cardata | Paiement direct","og_description":"Payez votre \u00e9quipe \u00e0 temps avec les d\u00e9p\u00f4ts directs pour les programmes de remboursement des v\u00e9hicules","og_url":"https:\/\/cardata.co\/fr\/products\/direct-pay\/","og_site_name":"Cardata fr","article_modified_time":"2023-05-06T15:25:50+00:00","twitter_card":"summary_large_image","schema":{"@context":"https:\/\/schema.org","@graph":[{"@type":"WebPage","@id":"https:\/\/cardata.co\/fr\/products\/direct-pay\/","url":"https:\/\/cardata.co\/fr\/products\/direct-pay\/","name":"Cardata | Paiement direct","isPartOf":{"@id":"https:\/\/cardata.co\/fr\/#website"},"datePublished":"2023-04-28T08:43:50+00:00","dateModified":"2023-05-06T15:25:50+00:00","description":"Payez votre \u00e9quipe \u00e0 temps avec les d\u00e9p\u00f4ts directs pour les programmes de remboursement des v\u00e9hicules","breadcrumb":{"@id":"https:\/\/cardata.co\/fr\/products\/direct-pay\/#breadcrumb"},"inLanguage":"en-US","potentialAction":[{"@type":"ReadAction","target":["https:\/\/cardata.co\/fr\/products\/direct-pay\/"]}]},{"@type":"BreadcrumbList","@id":"https:\/\/cardata.co\/fr\/products\/direct-pay\/#breadcrumb","itemListElement":[{"@type":"ListItem","position":1,"name":"Home","item":"https:\/\/cardata.co\/fr\/"},{"@type":"ListItem","position":2,"name":"Products","item":"https:\/\/cardata.co\/fr\/products\/"},{"@type":"ListItem","position":3,"name":"Direct Pay"}]},{"@type":"WebSite","@id":"https:\/\/cardata.co\/fr\/#website","url":"https:\/\/cardata.co\/fr\/","name":"Cardata","description":"","potentialAction":[{"@type":"SearchAction","target":{"@type":"EntryPoint","urlTemplate":"https:\/\/cardata.co\/fr\/?s={search_term_string}"},"query-input":"required name=search_term_string"}],"inLanguage":"en-US"}]}},"_links":{"self":[{"href":"https:\/\/cardata.co\/fr\/wp-json\/wp\/v2\/pages\/1244","targetHints":{"allow":["GET"]}}],"collection":[{"href":"https:\/\/cardata.co\/fr\/wp-json\/wp\/v2\/pages"}],"about":[{"href":"https:\/\/cardata.co\/fr\/wp-json\/wp\/v2\/types\/page"}],"author":[{"embeddable":true,"href":"https:\/\/cardata.co\/fr\/wp-json\/wp\/v2\/users\/2"}],"replies":[{"embeddable":true,"href":"https:\/\/cardata.co\/fr\/wp-json\/wp\/v2\/comments?post=1244"}],"version-history":[{"count":0,"href":"https:\/\/cardata.co\/fr\/wp-json\/wp\/v2\/pages\/1244\/revisions"}],"up":[{"embeddable":true,"href":"https:\/\/cardata.co\/fr\/wp-json\/wp\/v2\/pages\/1240"}],"wp:attachment":[{"href":"https:\/\/cardata.co\/fr\/wp-json\/wp\/v2\/media?parent=1244"}],"curies":[{"name":"wp","href":"https:\/\/api.w.org\/{rel}","templated":true}]}}